{"id":124,"date":"2022-08-03T21:29:03","date_gmt":"2022-08-03T21:29:03","guid":{"rendered":"https:\/\/nordismo.com\/?page_id=124"},"modified":"2022-09-09T21:46:02","modified_gmt":"2022-09-09T21:46:02","slug":"hosgeldiniz","status":"publish","type":"page","link":"https:\/\/nordismo.com\/index.php\/hosgeldiniz\/","title":{"rendered":"HO\u015eGELD\u0130N\u0130Z"},"content":{"rendered":"\n<figure class=\"is-layout-flex wp-block-gallery-1 wp-block-gallery has-nested-images columns-default is-cropped\">\n<figure class=\"wp-block-image size-large\"><img loading=\"lazy\" width=\"793\" height=\"1024\" data-id=\"762\"  src=\"https:\/\/nordismo.com\/wp-content\/uploads\/2022\/09\/StocMedel-793x1024.jpeg\" alt=\"\" class=\"wp-image-762\" srcset=\"https:\/\/nordismo.com\/wp-content\/uploads\/2022\/09\/StocMedel-793x1024.jpeg 793w, https:\/\/nordismo.com\/wp-content\/uploads\/2022\/09\/StocMedel-232x300.jpeg 232w, https:\/\/nordismo.com\/wp-content\/uploads\/2022\/09\/StocMedel-768x992.jpeg 768w, https:\/\/nordismo.com\/wp-content\/uploads\/2022\/09\/StocMedel-1190x1536.jpeg 1190w, https:\/\/nordismo.com\/wp-content\/uploads\/2022\/09\/StocMedel-1200x1550.jpeg 1200w, https:\/\/nordismo.com\/wp-content\/uploads\/2022\/09\/StocMedel.jpeg 1586w\" sizes=\"(max-width: 793px) 85vw, 793px\" \/><figcaption class=\"wp-element-caption\">Stockholm Akdeniz M\u00fczesi  Copyright \u00a9 2022 All rights reserved- T\u00fcm haklar\u0131 sakl\u0131d\u0131r<\/figcaption><\/figure>\n<\/figure>\n\n\n\n<p>STOCKHOLM ve HELSINKI&#8217;DE H\u0130ZMETLER\u0130M\u0130Z<\/p>\n\n\n\n<p>Tur operat\u00f6rlerine, \u00f6zel \u015firketlere ve kurumlara T\u00fcrk\u00e7e rehberlik, havaalan\u0131, otel, liman transferleri, \u015fehir turlar\u0131, \u00f6zel geziler ve ziyaretler, kongre ve grup organizasyonlar\u0131 sunuyoruz.<\/p>\n\n\n\n<p>Seyahatinizi planlaman\u0131za yard\u0131mc\u0131 olabilir, size veya m\u00fc\u015fterinize konforlu ve g\u00fcvenli bir seyahat deneyimi sunmak i\u00e7in \u00e7al\u0131\u015f\u0131r\u0131z.<\/p>\n\n\n\n<p>Stockholm, Helsinki veya ba\u015fka bir \u0130skandinav \u015fehrine \u00f6zel m\u00fc\u015fteriniz veya grubunuz oldu\u011funda, bize email yaz\u0131n, beraberce size uygun bir seyahat program\u0131 ve b\u00fct\u00e7enize uygun fiyat hesaplayal\u0131m. Personelimiz ve rehberlerimiz T\u00fcrk\u00e7e ve ingilizce konu\u015furlar. <\/p>\n\n\n\n<p>Bize a\u015fa\u011f\u0131daki email adreslerine yazarak ula\u015fabilirsiniz.<\/p>\n\n\n\n<p>e-Posta: <a href=\"mailto:nordismo@gmail.com\">nordismo@gmail.com<\/a>,  &nbsp; <a href=\"mailto:travel@nordismo.com\">travel@nordismo.com<\/a><\/p>\n\n\n\n<p>Nordic Travel Services&nbsp; &nbsp;  &nbsp;Copyright\u00a92022 All rights reserved&nbsp;<\/p>\n\n\n\n<p><\/p>\n","protected":false},"excerpt":{"rendered":"<p>STOCKHOLM ve HELSINKI&#8217;DE H\u0130ZMETLER\u0130M\u0130Z Tur operat\u00f6rlerine, \u00f6zel \u015firketlere ve kurumlara T\u00fcrk\u00e7e rehberlik, havaalan\u0131, otel, liman transferleri, \u015fehir turlar\u0131, \u00f6zel geziler ve ziyaretler, kongre ve grup organizasyonlar\u0131 sunuyoruz. Seyahatinizi planlaman\u0131za yard\u0131mc\u0131 olabilir, size veya m\u00fc\u015fterinize konforlu ve g\u00fcvenli bir seyahat deneyimi sunmak i\u00e7in \u00e7al\u0131\u015f\u0131r\u0131z. Stockholm, Helsinki veya ba\u015fka bir \u0130skandinav \u015fehrine \u00f6zel m\u00fc\u015fteriniz veya grubunuz oldu\u011funda, &hellip; <a href=\"https:\/\/nordismo.com\/index.php\/hosgeldiniz\/\" class=\"more-link\">Continue reading<span class=\"screen-reader-text\"> &#8220;HO\u015eGELD\u0130N\u0130Z&#8221;<\/span><\/a><\/p>\n","protected":false},"author":1,"featured_media":0,"parent":0,"menu_order":0,"comment_status":"closed","ping_status":"closed","template":"","meta":{"om_disable_all_campaigns":false,"_monsterinsights_skip_tracking":false,"_monsterinsights_sitenote_active":false,"_monsterinsights_sitenote_note":"","_monsterinsights_sitenote_category":0},"aioseo_notices":[],"_links":{"self":[{"href":"https:\/\/nordismo.com\/index.php\/wp-json\/wp\/v2\/pages\/124"}],"collection":[{"href":"https:\/\/nordismo.com\/index.php\/wp-json\/wp\/v2\/pages"}],"about":[{"href":"https:\/\/nordismo.com\/index.php\/wp-json\/wp\/v2\/types\/page"}],"author":[{"embeddable":true,"href":"https:\/\/nordismo.com\/index.php\/wp-json\/wp\/v2\/users\/1"}],"replies":[{"embeddable":true,"href":"https:\/\/nordismo.com\/index.php\/wp-json\/wp\/v2\/comments?post=124"}],"version-history":[{"count":17,"href":"https:\/\/nordismo.com\/index.php\/wp-json\/wp\/v2\/pages\/124\/revisions"}],"predecessor-version":[{"id":801,"href":"https:\/\/nordismo.com\/index.php\/wp-json\/wp\/v2\/pages\/124\/revisions\/801"}],"wp:attachment":[{"href":"https:\/\/nordismo.com\/index.php\/wp-json\/wp\/v2\/media?parent=124"}],"curies":[{"name":"wp","href":"https:\/\/api.w.org\/{rel}","templated":true}]}}